{"id":1448,"date":"2024-02-14T05:37:44","date_gmt":"2024-02-14T05:37:44","guid":{"rendered":"https:\/\/beneficiomonterrosa.com\/?post_type=product&#038;p=1448"},"modified":"2025-02-28T23:20:12","modified_gmt":"2025-02-28T23:20:12","slug":"cafe-inigo-arabigo","status":"publish","type":"product","link":"https:\/\/beneficiomonterrosa.com\/index.php\/product\/cafe-inigo-arabigo\/","title":{"rendered":"Caf\u00e9 \u00cd\u00f1igo (Ar\u00e1bigo)"},"content":{"rendered":"<p class=\"_04xlpA direction-ltr align-start para-style-body\"><span class=\"JsGRdQ\">\u2022 Caf\u00e9 de Especialidad.<\/span><\/p>\n<p class=\"_04xlpA direction-ltr align-start para-style-body\"><span class=\"JsGRdQ\">\u2022 Altura: 1450 msnm.<\/span><\/p>\n<p class=\"_04xlpA direction-ltr align-start para-style-body\"><span class=\"JsGRdQ\">\u2022 Proceso de beneficiado: 50% Lavado y 50% Miel.<\/span><\/p>\n<p class=\"_04xlpA direction-ltr align-start para-style-body\"><span class=\"JsGRdQ\">\u2022 Tueste: City.<\/span><\/p>\n<p class=\"_04xlpA direction-ltr align-start para-style-body\"><span class=\"JsGRdQ\">\u2022 Tasa balanceada en cuerpo y acidez, con notas florales suaves.<\/span><\/p>\n<p><span class=\"JsGRdQ\">Presentaciones de 250g, 500g y 1Kg<\/span><\/p>\n","protected":false},"excerpt":{"rendered":"<p>\u2022 Caf\u00e9 de Especialidad. \u2022 Altura: 1450 msnm. \u2022 Proceso de beneficiado: 50% Lavado y 50% Miel. \u2022 Tueste: City. \u2022 Tasa balanceada en cuerpo y acidez, con notas florales suaves. Presentaciones de 250g, 500g y 1Kg<\/p>\n","protected":false},"featured_media":1456,"comment_status":"open","ping_status":"closed","template":"","meta":{"om_disable_all_campaigns":false,"_mi_skip_tracking":false,"site-sidebar-layout":"default","site-content-layout":"default","ast-global-header-display":"","ast-main-header-display":"","ast-hfb-above-header-display":"","ast-hfb-below-header-display":"","ast-hfb-mobile-header-display":"","site-post-title":"","ast-breadcrumbs-content":"","ast-featured-img":"","footer-sml-layout":"","theme-transparent-header-meta":"default","adv-header-id-meta":"","stick-header-meta":"","header-above-stick-meta":"","header-main-stick-meta":"","header-below-stick-meta":""},"product_cat":[18],"product_tag":[],"_links":{"self":[{"href":"https:\/\/beneficiomonterrosa.com\/index.php\/wp-json\/wp\/v2\/product\/1448"}],"collection":[{"href":"https:\/\/beneficiomonterrosa.com\/index.php\/wp-json\/wp\/v2\/product"}],"about":[{"href":"https:\/\/beneficiomonterrosa.com\/index.php\/wp-json\/wp\/v2\/types\/product"}],"replies":[{"embeddable":true,"href":"https:\/\/beneficiomonterrosa.com\/index.php\/wp-json\/wp\/v2\/comments?post=1448"}],"wp:featuredmedia":[{"embeddable":true,"href":"https:\/\/beneficiomonterrosa.com\/index.php\/wp-json\/wp\/v2\/media\/1456"}],"wp:attachment":[{"href":"https:\/\/beneficiomonterrosa.com\/index.php\/wp-json\/wp\/v2\/media?parent=1448"}],"wp:term":[{"taxonomy":"product_cat","embeddable":true,"href":"https:\/\/beneficiomonterrosa.com\/index.php\/wp-json\/wp\/v2\/product_cat?post=1448"},{"taxonomy":"product_tag","embeddable":true,"href":"https:\/\/beneficiomonterrosa.com\/index.php\/wp-json\/wp\/v2\/product_tag?post=1448"}],"curies":[{"name":"wp","href":"https:\/\/api.w.org\/{rel}","templated":true}]}}