{"id":7,"date":"2022-10-27T05:10:31","date_gmt":"2022-10-27T05:10:31","guid":{"rendered":"http:\/\/beneficiomonterrosa.com\/?page_id=7"},"modified":"2022-11-26T08:51:59","modified_gmt":"2022-11-26T08:51:59","slug":"inicio","status":"publish","type":"page","link":"https:\/\/beneficiomonterrosa.com\/","title":{"rendered":"Inicio"},"content":{"rendered":"\t\t<div data-elementor-type=\"wp-page\" data-elementor-id=\"7\" class=\"elementor elementor-7\">\n\t\t\t\t\t\t\t\t\t<section class=\"elementor-section elementor-top-section elementor-element elementor-element-31d6d05 elementor-section-full_width elementor-section-content-top elementor-section-height-default elementor-section-height-default\" data-id=\"31d6d05\" data-element_type=\"section\">\n\t\t\t\t\t\t<div class=\"elementor-container elementor-column-gap-no\">\n\t\t\t\t\t<div class=\"elementor-column elementor-col-100 elementor-top-column elementor-element elementor-element-51aad2b\" data-id=\"51aad2b\" data-element_type=\"column\">\n\t\t\t<div class=\"elementor-widget-wrap elementor-element-populated\">\n\t\t\t\t\t\t\t\t<div class=\"elementor-element elementor-element-33021f8 elementor-widget elementor-widget-shortcode\" data-id=\"33021f8\" data-element_type=\"widget\" data-widget_type=\"shortcode.default\">\n\t\t\t\t<div class=\"elementor-widget-container\">\n\t\t\t\t\t<div class=\"elementor-shortcode\">\n<\/div>\n\t\t\t\t<\/div>\n\t\t\t\t<\/div>\n\t\t\t\t\t<\/div>\n\t\t<\/div>\n\t\t\t\t\t\t\t<\/div>\n\t\t<\/section>\n\t\t\t\t<section class=\"elementor-section elementor-top-section elementor-element elementor-element-ceafbba elementor-section-boxed elementor-section-height-default elementor-section-height-default\" data-id=\"ceafbba\" data-element_type=\"section\">\n\t\t\t\t\t\t<div class=\"elementor-container elementor-column-gap-default\">\n\t\t\t\t\t<div class=\"elementor-column elementor-col-100 elementor-top-column elementor-element elementor-element-30c58e9\" data-id=\"30c58e9\" data-element_type=\"column\">\n\t\t\t<div class=\"elementor-widget-wrap elementor-element-populated\">\n\t\t\t\t\t\t\t\t<div class=\"elementor-element elementor-element-baa78f0 elementor-widget elementor-widget-heading\" data-id=\"baa78f0\" data-element_type=\"widget\" data-widget_type=\"heading.default\">\n\t\t\t\t<div class=\"elementor-widget-container\">\n\t\t\t<style>\/*! elementor - v3.7.8 - 02-10-2022 *\/\n.elementor-heading-title{padding:0;margin:0;line-height:1}.elementor-widget-heading .elementor-heading-title[class*=elementor-size-]>a{color:inherit;font-size:inherit;line-height:inherit}.elementor-widget-heading .elementor-heading-title.elementor-size-small{font-size:15px}.elementor-widget-heading .elementor-heading-title.elementor-size-medium{font-size:19px}.elementor-widget-heading .elementor-heading-title.elementor-size-large{font-size:29px}.elementor-widget-heading .elementor-heading-title.elementor-size-xl{font-size:39px}.elementor-widget-heading .elementor-heading-title.elementor-size-xxl{font-size:59px}<\/style><h1 class=\"elementor-heading-title elementor-size-xxl\">Acerca de Nosotros<\/h1>\t\t<\/div>\n\t\t\t\t<\/div>\n\t\t\t\t\t<\/div>\n\t\t<\/div>\n\t\t\t\t\t\t\t<\/div>\n\t\t<\/section>\n\t\t\t\t<section class=\"elementor-section elementor-top-section elementor-element elementor-element-28e5f3d elementor-section-boxed elementor-section-height-default elementor-section-height-default\" data-id=\"28e5f3d\" data-element_type=\"section\">\n\t\t\t\t\t\t<div class=\"elementor-container elementor-column-gap-default\">\n\t\t\t\t\t<div class=\"elementor-column elementor-col-100 elementor-top-column elementor-element elementor-element-9af5aec\" data-id=\"9af5aec\" data-element_type=\"column\">\n\t\t\t<div class=\"elementor-widget-wrap elementor-element-populated\">\n\t\t\t\t\t\t\t\t<div class=\"elementor-element elementor-element-8deb232 elementor-widget elementor-widget-text-editor\" data-id=\"8deb232\" data-element_type=\"widget\" data-widget_type=\"text-editor.default\">\n\t\t\t\t<div class=\"elementor-widget-container\">\n\t\t\t<style>\/*! elementor - v3.7.8 - 02-10-2022 *\/\n.elementor-widget-text-editor.elementor-drop-cap-view-stacked .elementor-drop-cap{background-color:#818a91;color:#fff}.elementor-widget-text-editor.elementor-drop-cap-view-framed .elementor-drop-cap{color:#818a91;border:3px solid;background-color:transparent}.elementor-widget-text-editor:not(.elementor-drop-cap-view-default) .elementor-drop-cap{margin-top:8px}.elementor-widget-text-editor:not(.elementor-drop-cap-view-default) .elementor-drop-cap-letter{width:1em;height:1em}.elementor-widget-text-editor .elementor-drop-cap{float:left;text-align:center;line-height:1;font-size:50px}.elementor-widget-text-editor .elementor-drop-cap-letter{display:inline-block}<\/style>\t\t\t\t<p>\u00a0<\/p><p><span style=\"font-size: 28px;\">El caf\u00e9 que Beneficiadora Monterrosa S.A. ofrece es producto de la selecci\u00f3n continua y exhaustiva del mejor caf\u00e9 proveniente de sus fincas ubicadas en Naranjo,\u00a0 Alajuela, Costa Rica, entre los 1200 y 1450 metros de altura.<\/span><\/p><p><span style=\"font-size: 28px;\">\u00a0<\/span><\/p><p><span style=\"font-size: 28px;\">Las calidades del caf\u00e9 producido, que por el hecho de ser cultivado en tierras de origen volc\u00e1nico y combinado con condiciones clim\u00e1ticas favorables, permiten que el caf\u00e9 presente caracter\u00edsticas \u00fanicas, muy especiales y con una taza exquisita, consistente, con sabores naturales muy marcados.\u00a0<\/span><\/p><p><span style=\"font-size: 28px;\">\u00a0<\/span><\/p><p>\u00a0<\/p><p><span style=\"font-size: 28px;\">Ofreciendole a nuestos clientes un perfil de tasa con Fragancia: Floral, dulce. Cuerpo: Lleno, redondo Acidez: balanceada y marcada Dulzura: Acaramelado-frutal.<\/span><\/p><p><span style=\"font-family: 'Averia Gruesa Libre', sans-serif; font-size: 28px; color: var( --e-global-color-text ); font-weight: var( --e-global-typography-text-font-weight ); background-color: var(--ast-global-color-5);\">\u00a0<\/span><\/p>\t\t\t\t\t\t<\/div>\n\t\t\t\t<\/div>\n\t\t\t\t<div class=\"elementor-element elementor-element-9cf47c5 elementor-widget elementor-widget-heading\" data-id=\"9cf47c5\" data-element_type=\"widget\" data-widget_type=\"heading.default\">\n\t\t\t\t<div class=\"elementor-widget-container\">\n\t\t\t<h1 class=\"elementor-heading-title elementor-size-xxl\">Comprometidos con la calidad<\/h1>\t\t<\/div>\n\t\t\t\t<\/div>\n\t\t\t\t\t<\/div>\n\t\t<\/div>\n\t\t\t\t\t\t\t<\/div>\n\t\t<\/section>\n\t\t\t\t<section class=\"elementor-section elementor-top-section elementor-element elementor-element-e7c3bda elementor-section-boxed elementor-section-height-default elementor-section-height-default\" data-id=\"e7c3bda\" data-element_type=\"section\">\n\t\t\t\t\t\t<div class=\"elementor-container elementor-column-gap-default\">\n\t\t\t\t\t<div class=\"elementor-column elementor-col-100 elementor-top-column elementor-element elementor-element-7141648\" data-id=\"7141648\" data-element_type=\"column\">\n\t\t\t<div class=\"elementor-widget-wrap elementor-element-populated\">\n\t\t\t\t\t\t\t\t<div class=\"elementor-element elementor-element-38a66de elementor-widget elementor-widget-spacer\" data-id=\"38a66de\" data-element_type=\"widget\" data-widget_type=\"spacer.default\">\n\t\t\t\t<div class=\"elementor-widget-container\">\n\t\t\t<style>\/*! elementor - v3.7.8 - 02-10-2022 *\/\n.elementor-column .elementor-spacer-inner{height:var(--spacer-size)}.e-container{--container-widget-width:100%}.e-container>.elementor-widget-spacer{width:var(--container-widget-width,var(--spacer-size));-ms-flex-item-align:stretch;align-self:stretch;-ms-flex-negative:0;flex-shrink:0}.e-container>.elementor-widget-spacer>.elementor-widget-container,.e-container>.elementor-widget-spacer>.elementor-widget-container>.elementor-spacer{height:100%}.e-container>.elementor-widget-spacer>.elementor-widget-container>.elementor-spacer>.elementor-spacer-inner{height:var(--container-widget-height,var(--spacer-size))}<\/style>\t\t<div class=\"elementor-spacer\">\n\t\t\t<div class=\"elementor-spacer-inner\"><\/div>\n\t\t<\/div>\n\t\t\t\t<\/div>\n\t\t\t\t<\/div>\n\t\t\t\t\t<\/div>\n\t\t<\/div>\n\t\t\t\t\t\t\t<\/div>\n\t\t<\/section>\n\t\t\t\t<section class=\"elementor-section elementor-top-section elementor-element elementor-element-b0d91e9 elementor-section-boxed elementor-section-height-default elementor-section-height-default\" data-id=\"b0d91e9\" data-element_type=\"section\">\n\t\t\t\t\t\t<div class=\"elementor-container elementor-column-gap-default\">\n\t\t\t\t\t<div class=\"elementor-column elementor-col-20 elementor-top-column elementor-element elementor-element-dedbfcd\" data-id=\"dedbfcd\" data-element_type=\"column\">\n\t\t\t<div class=\"elementor-widget-wrap elementor-element-populated\">\n\t\t\t\t\t\t\t\t<div class=\"elementor-element elementor-element-47b4f88 elementor-widget elementor-widget-image\" data-id=\"47b4f88\" data-element_type=\"widget\" data-widget_type=\"image.default\">\n\t\t\t\t<div class=\"elementor-widget-container\">\n\t\t\t<style>\/*! elementor - v3.7.8 - 02-10-2022 *\/\n.elementor-widget-image{text-align:center}.elementor-widget-image a{display:inline-block}.elementor-widget-image a img[src$=\".svg\"]{width:48px}.elementor-widget-image img{vertical-align:middle;display:inline-block}<\/style>\t\t\t\t\t\t\t\t\t\t\t\t<img decoding=\"async\" width=\"300\" height=\"300\" src=\"https:\/\/beneficiomonterrosa.com\/wp-content\/uploads\/2022\/10\/4-2-300x300.png\" class=\"attachment-medium size-medium\" alt=\"\" loading=\"lazy\" srcset=\"https:\/\/beneficiomonterrosa.com\/wp-content\/uploads\/2022\/10\/4-2-300x300.png 300w, https:\/\/beneficiomonterrosa.com\/wp-content\/uploads\/2022\/10\/4-2-100x100.png 100w, https:\/\/beneficiomonterrosa.com\/wp-content\/uploads\/2022\/10\/4-2-600x600.png 600w, https:\/\/beneficiomonterrosa.com\/wp-content\/uploads\/2022\/10\/4-2-1024x1024.png 1024w, https:\/\/beneficiomonterrosa.com\/wp-content\/uploads\/2022\/10\/4-2-150x150.png 150w, https:\/\/beneficiomonterrosa.com\/wp-content\/uploads\/2022\/10\/4-2-768x768.png 768w, https:\/\/beneficiomonterrosa.com\/wp-content\/uploads\/2022\/10\/4-2.png 1080w\" sizes=\"(max-width: 300px) 100vw, 300px\" \/>\t\t\t\t\t\t\t\t\t\t\t\t\t\t\t<\/div>\n\t\t\t\t<\/div>\n\t\t\t\t\t<\/div>\n\t\t<\/div>\n\t\t\t\t<div class=\"elementor-column elementor-col-20 elementor-top-column elementor-element elementor-element-a0bbca7\" data-id=\"a0bbca7\" data-element_type=\"column\">\n\t\t\t<div class=\"elementor-widget-wrap elementor-element-populated\">\n\t\t\t\t\t\t\t\t<div class=\"elementor-element elementor-element-0c51664 elementor-widget elementor-widget-image\" data-id=\"0c51664\" data-element_type=\"widget\" data-widget_type=\"image.default\">\n\t\t\t\t<div class=\"elementor-widget-container\">\n\t\t\t\t\t\t\t\t\t\t\t\t\t\t\t<img decoding=\"async\" width=\"300\" height=\"300\" src=\"https:\/\/beneficiomonterrosa.com\/wp-content\/uploads\/2022\/10\/2-1-300x300.png\" class=\"attachment-medium size-medium\" alt=\"\" loading=\"lazy\" srcset=\"https:\/\/beneficiomonterrosa.com\/wp-content\/uploads\/2022\/10\/2-1-300x300.png 300w, https:\/\/beneficiomonterrosa.com\/wp-content\/uploads\/2022\/10\/2-1-100x100.png 100w, https:\/\/beneficiomonterrosa.com\/wp-content\/uploads\/2022\/10\/2-1-600x600.png 600w, https:\/\/beneficiomonterrosa.com\/wp-content\/uploads\/2022\/10\/2-1-1024x1024.png 1024w, https:\/\/beneficiomonterrosa.com\/wp-content\/uploads\/2022\/10\/2-1-150x150.png 150w, https:\/\/beneficiomonterrosa.com\/wp-content\/uploads\/2022\/10\/2-1-768x768.png 768w, https:\/\/beneficiomonterrosa.com\/wp-content\/uploads\/2022\/10\/2-1.png 1080w\" sizes=\"(max-width: 300px) 100vw, 300px\" \/>\t\t\t\t\t\t\t\t\t\t\t\t\t\t\t<\/div>\n\t\t\t\t<\/div>\n\t\t\t\t\t<\/div>\n\t\t<\/div>\n\t\t\t\t<div class=\"elementor-column elementor-col-20 elementor-top-column elementor-element elementor-element-6d7ab21\" data-id=\"6d7ab21\" data-element_type=\"column\">\n\t\t\t<div class=\"elementor-widget-wrap elementor-element-populated\">\n\t\t\t\t\t\t\t\t<div class=\"elementor-element elementor-element-aeff6fe elementor-widget elementor-widget-image\" data-id=\"aeff6fe\" data-element_type=\"widget\" data-widget_type=\"image.default\">\n\t\t\t\t<div class=\"elementor-widget-container\">\n\t\t\t\t\t\t\t\t\t\t\t\t\t\t\t<img decoding=\"async\" width=\"300\" height=\"300\" src=\"https:\/\/beneficiomonterrosa.com\/wp-content\/uploads\/2022\/10\/3-2-300x300.png\" class=\"attachment-medium size-medium\" alt=\"\" loading=\"lazy\" srcset=\"https:\/\/beneficiomonterrosa.com\/wp-content\/uploads\/2022\/10\/3-2-300x300.png 300w, https:\/\/beneficiomonterrosa.com\/wp-content\/uploads\/2022\/10\/3-2-100x100.png 100w, https:\/\/beneficiomonterrosa.com\/wp-content\/uploads\/2022\/10\/3-2-600x600.png 600w, https:\/\/beneficiomonterrosa.com\/wp-content\/uploads\/2022\/10\/3-2-1024x1024.png 1024w, https:\/\/beneficiomonterrosa.com\/wp-content\/uploads\/2022\/10\/3-2-150x150.png 150w, https:\/\/beneficiomonterrosa.com\/wp-content\/uploads\/2022\/10\/3-2-768x768.png 768w, https:\/\/beneficiomonterrosa.com\/wp-content\/uploads\/2022\/10\/3-2.png 1080w\" sizes=\"(max-width: 300px) 100vw, 300px\" \/>\t\t\t\t\t\t\t\t\t\t\t\t\t\t\t<\/div>\n\t\t\t\t<\/div>\n\t\t\t\t\t<\/div>\n\t\t<\/div>\n\t\t\t\t<div class=\"elementor-column elementor-col-20 elementor-top-column elementor-element elementor-element-3865cce\" data-id=\"3865cce\" data-element_type=\"column\">\n\t\t\t<div class=\"elementor-widget-wrap elementor-element-populated\">\n\t\t\t\t\t\t\t\t<div class=\"elementor-element elementor-element-8aebbab elementor-widget elementor-widget-image\" data-id=\"8aebbab\" data-element_type=\"widget\" data-widget_type=\"image.default\">\n\t\t\t\t<div class=\"elementor-widget-container\">\n\t\t\t\t\t\t\t\t\t\t\t\t\t\t\t<img decoding=\"async\" width=\"300\" height=\"300\" src=\"https:\/\/beneficiomonterrosa.com\/wp-content\/uploads\/2022\/10\/1-1-300x300.png\" class=\"attachment-medium size-medium\" alt=\"\" loading=\"lazy\" srcset=\"https:\/\/beneficiomonterrosa.com\/wp-content\/uploads\/2022\/10\/1-1-300x300.png 300w, https:\/\/beneficiomonterrosa.com\/wp-content\/uploads\/2022\/10\/1-1-100x100.png 100w, https:\/\/beneficiomonterrosa.com\/wp-content\/uploads\/2022\/10\/1-1-600x600.png 600w, https:\/\/beneficiomonterrosa.com\/wp-content\/uploads\/2022\/10\/1-1-1024x1024.png 1024w, https:\/\/beneficiomonterrosa.com\/wp-content\/uploads\/2022\/10\/1-1-150x150.png 150w, https:\/\/beneficiomonterrosa.com\/wp-content\/uploads\/2022\/10\/1-1-768x768.png 768w, https:\/\/beneficiomonterrosa.com\/wp-content\/uploads\/2022\/10\/1-1.png 1080w\" sizes=\"(max-width: 300px) 100vw, 300px\" \/>\t\t\t\t\t\t\t\t\t\t\t\t\t\t\t<\/div>\n\t\t\t\t<\/div>\n\t\t\t\t\t<\/div>\n\t\t<\/div>\n\t\t\t\t<div class=\"elementor-column elementor-col-20 elementor-top-column elementor-element elementor-element-46b0bc0\" data-id=\"46b0bc0\" data-element_type=\"column\">\n\t\t\t<div class=\"elementor-widget-wrap elementor-element-populated\">\n\t\t\t\t\t\t\t\t<div class=\"elementor-element elementor-element-2c39057 elementor-widget elementor-widget-image\" data-id=\"2c39057\" data-element_type=\"widget\" data-widget_type=\"image.default\">\n\t\t\t\t<div class=\"elementor-widget-container\">\n\t\t\t\t\t\t\t\t\t\t\t\t\t\t\t<img decoding=\"async\" width=\"300\" height=\"288\" src=\"https:\/\/beneficiomonterrosa.com\/wp-content\/uploads\/2022\/10\/Pyme-300x288.png\" class=\"attachment-medium size-medium\" alt=\"\" loading=\"lazy\" srcset=\"https:\/\/beneficiomonterrosa.com\/wp-content\/uploads\/2022\/10\/Pyme-300x288.png 300w, https:\/\/beneficiomonterrosa.com\/wp-content\/uploads\/2022\/10\/Pyme.png 451w\" sizes=\"(max-width: 300px) 100vw, 300px\" \/>\t\t\t\t\t\t\t\t\t\t\t\t\t\t\t<\/div>\n\t\t\t\t<\/div>\n\t\t\t\t\t<\/div>\n\t\t<\/div>\n\t\t\t\t\t\t\t<\/div>\n\t\t<\/section>\n\t\t\t\t<section class=\"elementor-section elementor-top-section elementor-element elementor-element-0bb1177 elementor-section-boxed elementor-section-height-default elementor-section-height-default\" data-id=\"0bb1177\" data-element_type=\"section\">\n\t\t\t\t\t\t<div class=\"elementor-container elementor-column-gap-default\">\n\t\t\t\t\t<div class=\"elementor-column elementor-col-100 elementor-top-column elementor-element elementor-element-fab6ed8\" data-id=\"fab6ed8\" data-element_type=\"column\">\n\t\t\t<div class=\"elementor-widget-wrap elementor-element-populated\">\n\t\t\t\t\t\t\t\t<div class=\"elementor-element elementor-element-406fa38 elementor-widget elementor-widget-spacer\" data-id=\"406fa38\" data-element_type=\"widget\" data-widget_type=\"spacer.default\">\n\t\t\t\t<div class=\"elementor-widget-container\">\n\t\t\t\t\t<div class=\"elementor-spacer\">\n\t\t\t<div class=\"elementor-spacer-inner\"><\/div>\n\t\t<\/div>\n\t\t\t\t<\/div>\n\t\t\t\t<\/div>\n\t\t\t\t\t<\/div>\n\t\t<\/div>\n\t\t\t\t\t\t\t<\/div>\n\t\t<\/section>\n\t\t\t\t<section class=\"elementor-section elementor-top-section elementor-element elementor-element-4ac03a1 elementor-section-boxed elementor-section-height-default elementor-section-height-default\" data-id=\"4ac03a1\" data-element_type=\"section\">\n\t\t\t\t\t\t<div class=\"elementor-container elementor-column-gap-default\">\n\t\t\t\t\t<div class=\"elementor-column elementor-col-100 elementor-top-column elementor-element elementor-element-7b5f47f\" data-id=\"7b5f47f\" data-element_type=\"column\">\n\t\t\t<div class=\"elementor-widget-wrap elementor-element-populated\">\n\t\t\t\t\t\t\t\t<div class=\"elementor-element elementor-element-97a716a elementor-align-center elementor-widget elementor-widget-button\" data-id=\"97a716a\" data-element_type=\"widget\" data-widget_type=\"button.default\">\n\t\t\t\t<div class=\"elementor-widget-container\">\n\t\t\t\t\t<div class=\"elementor-button-wrapper\">\n\t\t\t<a href=\"https:\/\/api.whatsapp.com\/send?phone=50683250712\" class=\"elementor-button-link elementor-button elementor-size-sm\" role=\"button\">\n\t\t\t\t\t\t<span class=\"elementor-button-content-wrapper\">\n\t\t\t\t\t\t<span class=\"elementor-button-text\">Cont\u00e1ctenos<\/span>\n\t\t<\/span>\n\t\t\t\t\t<\/a>\n\t\t<\/div>\n\t\t\t\t<\/div>\n\t\t\t\t<\/div>\n\t\t\t\t\t<\/div>\n\t\t<\/div>\n\t\t\t\t\t\t\t<\/div>\n\t\t<\/section>\n\t\t\t\t<section class=\"elementor-section elementor-top-section elementor-element elementor-element-d9146b2 elementor-section-boxed elementor-section-height-default elementor-section-height-default\" data-id=\"d9146b2\" data-element_type=\"section\">\n\t\t\t\t\t\t<div class=\"elementor-container elementor-column-gap-default\">\n\t\t\t\t\t<div class=\"elementor-column elementor-col-100 elementor-top-column elementor-element elementor-element-cab1be5\" data-id=\"cab1be5\" data-element_type=\"column\">\n\t\t\t<div class=\"elementor-widget-wrap elementor-element-populated\">\n\t\t\t\t\t\t\t\t<div class=\"elementor-element elementor-element-15dd305 elementor-widget elementor-widget-spacer\" data-id=\"15dd305\" data-element_type=\"widget\" data-widget_type=\"spacer.default\">\n\t\t\t\t<div class=\"elementor-widget-container\">\n\t\t\t\t\t<div class=\"elementor-spacer\">\n\t\t\t<div class=\"elementor-spacer-inner\"><\/div>\n\t\t<\/div>\n\t\t\t\t<\/div>\n\t\t\t\t<\/div>\n\t\t\t\t\t<\/div>\n\t\t<\/div>\n\t\t\t\t\t\t\t<\/div>\n\t\t<\/section>\n\t\t\t\t\t\t\t<\/div>\n\t\t","protected":false},"excerpt":{"rendered":"<p>Acerca de Nosotros El caf\u00e9 que Beneficiadora Monterrosa S.A. ofrece es producto de la selecci\u00f3n continua y exhaustiva del mejor caf\u00e9 proveniente de sus fincas ubicadas en Naranjo,&nbsp; Alajuela, Costa Rica, entre los 1200 y 1450 metros de altura. Las calidades del caf\u00e9 producido, que por el hecho de ser cultivado en tierras de origen &hellip;<\/p>\n<p class=\"read-more\"> <a class=\"\" href=\"https:\/\/beneficiomonterrosa.com\/\"> <span class=\"screen-reader-text\">Inicio<\/span> Read More &raquo;<\/a><\/p>\n","protected":false},"author":2,"featured_media":0,"parent":0,"menu_order":0,"comment_status":"closed","ping_status":"closed","template":"","meta":{"om_disable_all_campaigns":false,"_mi_skip_tracking":false,"site-sidebar-layout":"no-sidebar","site-content-layout":"page-builder","ast-global-header-display":"","ast-main-header-display":"","ast-hfb-above-header-display":"","ast-hfb-below-header-display":"","ast-hfb-mobile-header-display":"","site-post-title":"disabled","ast-breadcrumbs-content":"","ast-featured-img":"disabled","footer-sml-layout":"","theme-transparent-header-meta":"","adv-header-id-meta":"","stick-header-meta":"","header-above-stick-meta":"","header-main-stick-meta":"","header-below-stick-meta":""},"_links":{"self":[{"href":"https:\/\/beneficiomonterrosa.com\/index.php\/wp-json\/wp\/v2\/pages\/7"}],"collection":[{"href":"https:\/\/beneficiomonterrosa.com\/index.php\/wp-json\/wp\/v2\/pages"}],"about":[{"href":"https:\/\/beneficiomonterrosa.com\/index.php\/wp-json\/wp\/v2\/types\/page"}],"author":[{"embeddable":true,"href":"https:\/\/beneficiomonterrosa.com\/index.php\/wp-json\/wp\/v2\/users\/2"}],"replies":[{"embeddable":true,"href":"https:\/\/beneficiomonterrosa.com\/index.php\/wp-json\/wp\/v2\/comments?post=7"}],"version-history":[{"count":60,"href":"https:\/\/beneficiomonterrosa.com\/index.php\/wp-json\/wp\/v2\/pages\/7\/revisions"}],"predecessor-version":[{"id":1271,"href":"https:\/\/beneficiomonterrosa.com\/index.php\/wp-json\/wp\/v2\/pages\/7\/revisions\/1271"}],"wp:attachment":[{"href":"https:\/\/beneficiomonterrosa.com\/index.php\/wp-json\/wp\/v2\/media?parent=7"}],"curies":[{"name":"wp","href":"https:\/\/api.w.org\/{rel}","templated":true}]}}